{"id":152,"date":"2026-02-09T18:57:25","date_gmt":"2026-02-09T18:57:25","guid":{"rendered":"https:\/\/ocoyucanpuebla.gob.mx\/?page_id=152"},"modified":"2026-02-09T19:08:08","modified_gmt":"2026-02-09T19:08:08","slug":"ayuntamiento-2024-2027","status":"publish","type":"page","link":"https:\/\/ocoyucanpuebla.gob.mx\/index.php\/ayuntamiento-2024-2027\/","title":{"rendered":"Ayuntamiento 2024-2027"},"content":{"rendered":"\n<div class=\"wp-block-group has-global-padding is-layout-constrained wp-block-group-is-layout-constrained\">\n<figure class=\"wp-block-pullquote has-text-align-left has-medium-font-size wp-container-content-29dca9c1\"><blockquote><p><strong>MISI\u00d3N<\/strong><\/p><cite>Hacer de Ocoyucan un municipio con progreso en materia social, econ\u00f3mica, territorial, ambiental, de seguridad p\u00fablica, derechos humanos e igualdad de g\u00e9nero, fortaleciendo para ello el desempe\u00f1o y resultados de la Administraci\u00f3n P\u00fablica Municipal, con el objeto de mejorar la atenci\u00f3n y la calidad de los servicios a la ciudadan\u00eda sin distinci\u00f3n alguna.<\/cite><\/blockquote><\/figure>\n\n\n\n<figure class=\"wp-block-pullquote has-text-align-left has-medium-font-size wp-container-content-29dca9c1\"><blockquote><p><strong>VISI\u00d3N<\/strong><\/p><cite>Ocoyucan mostrar\u00e1 a base del buen ejercicio p\u00fablico, ser un municipio solidario en materia de desarrollo social, con especial atenci\u00f3n a los grupos vulnerables; competitivo en lo econ\u00f3mico, apoyando por igual a emprendedores que a empresarios establecidos; sustentable en materia ambiental y que favorezca el desarrollo urbano; con una seguridad p\u00fablica que privilegia la prevenci\u00f3n social y reduzca la incidencia delictiva; donde prevalece el respeto hacia las mujeres y se impulsa la igualdad de g\u00e9nero; con una administraci\u00f3n p\u00fablica eficaz, transparente y de resultados, apoyada en uso de las tecnolog\u00edas de la informaci\u00f3n, con el objeto de mejorar el nivel de vida de la poblaci\u00f3n municipal.<\/cite><\/blockquote><\/figure>\n\n\n\n<div data-wp-interactive=\"core\/file\" class=\"wp-block-file\"><object data-wp-bind--hidden=\"!state.hasPdfPreview\" hidden class=\"wp-block-file__embed\" data=\"https:\/\/ocoyucanpuebla.gob.mx\/wp-content\/uploads\/2026\/02\/ESTRUCTURA-ORGANICA-2024-2027-G.pdf\" type=\"application\/pdf\" style=\"width:100%;height:600px\" aria-label=\"Incrustado de ESTRUCTURA ORGANICA 2024-2027 (G).\"><\/object><a id=\"wp-block-file--media-cf9bb1f9-ebb2-466f-8610-fb9dde9ea8ec\" href=\"https:\/\/ocoyucanpuebla.gob.mx\/wp-content\/uploads\/2026\/02\/ESTRUCTURA-ORGANICA-2024-2027-G.pdf\">ESTRUCTURA ORGANICA 2024-2027 (G)<\/a><\/div>\n<\/div>\n","protected":false},"excerpt":{"rendered":"<p>MISI\u00d3N Hacer de Ocoyucan un municipio con progreso en materia social, econ\u00f3mica, territorial, ambiental, de seguridad p\u00fablica, derechos humanos e igualdad de g\u00e9nero, fortaleciendo para ello el desempe\u00f1o y resultados de la Administraci\u00f3n P\u00fablica Municipal, con el objeto de mejorar la atenci\u00f3n y la calidad de los servicios a la ciudadan\u00eda sin distinci\u00f3n alguna. VISI\u00d3N [&hellip;]<\/p>\n","protected":false},"author":1,"featured_media":0,"parent":0,"menu_order":0,"comment_status":"closed","ping_status":"closed","template":"","meta":{"footnotes":""},"class_list":["post-152","page","type-page","status-publish","hentry"],"_links":{"self":[{"href":"https:\/\/ocoyucanpuebla.gob.mx\/index.php\/wp-json\/wp\/v2\/pages\/152","targetHints":{"allow":["GET"]}}],"collection":[{"href":"https:\/\/ocoyucanpuebla.gob.mx\/index.php\/wp-json\/wp\/v2\/pages"}],"about":[{"href":"https:\/\/ocoyucanpuebla.gob.mx\/index.php\/wp-json\/wp\/v2\/types\/page"}],"author":[{"embeddable":true,"href":"https:\/\/ocoyucanpuebla.gob.mx\/index.php\/wp-json\/wp\/v2\/users\/1"}],"replies":[{"embeddable":true,"href":"https:\/\/ocoyucanpuebla.gob.mx\/index.php\/wp-json\/wp\/v2\/comments?post=152"}],"version-history":[{"count":2,"href":"https:\/\/ocoyucanpuebla.gob.mx\/index.php\/wp-json\/wp\/v2\/pages\/152\/revisions"}],"predecessor-version":[{"id":157,"href":"https:\/\/ocoyucanpuebla.gob.mx\/index.php\/wp-json\/wp\/v2\/pages\/152\/revisions\/157"}],"wp:attachment":[{"href":"https:\/\/ocoyucanpuebla.gob.mx\/index.php\/wp-json\/wp\/v2\/media?parent=152"}],"curies":[{"name":"wp","href":"https:\/\/api.w.org\/{rel}","templated":true}]}}