{"id":406,"date":"2026-05-15T05:26:22","date_gmt":"2026-05-15T05:26:22","guid":{"rendered":"https:\/\/ocoyucanpuebla.gob.mx\/?page_id=406"},"modified":"2026-05-15T05:53:38","modified_gmt":"2026-05-15T05:53:38","slug":"transparencia","status":"publish","type":"page","link":"https:\/\/ocoyucanpuebla.gob.mx\/index.php\/transparencia\/","title":{"rendered":"Transparencia"},"content":{"rendered":"\n<div class=\"wp-block-group has-global-padding is-layout-constrained wp-block-group-is-layout-constrained\">\n<div class=\"wp-block-group is-layout-grid wp-container-core-group-is-layout-478b6e6b wp-block-group-is-layout-grid\">\n<p class=\"has-text-align-right has-accent-4-color has-text-color has-link-color has-small-font-size wp-elements-0d27684c58ea088596ea28e5e5a27cee wp-container-content-69bc4bdf\">La UNIDAD DE TRANSPARENCIA es el \u00e1rea encargada de recibir y dar tr\u00e1mite a las solicitudes de acceso a la informaci\u00f3n y de derechos ARCO, presentadas a este H. Ayuntamiento de Ocoyucan; as\u00ed como proponer e implementar acciones conjuntas para asegurar una mayor eficiencia en el cumplimiento a las obligaciones de transparencia, procesos de transparencia y protecci\u00f3n de datos personales.<\/p>\n\n\n\n<p class=\"has-text-align-left has-accent-4-color has-text-color has-link-color has-small-font-size wp-elements-40cbdd3a3f1d6f75e43e9735af61b0f6\">Titular: Ang\u00e9lica Dorantes Guarneros<br>Direcci\u00f3n: Boulevard De Los Volcanes Sur, No. 1101, Lomas de Angel\u00f3polis III, Ocoyucan, Puebla. C.P. 72865.<br>Tel\u00e9fono de contacto: 22 26 22 67 87<br>Correo electr\u00f3nico: transparencia@ocoyucanpuebla.gob.mx<\/p>\n<\/div>\n<\/div>\n\n\n\n<h3 class=\"wp-block-heading has-text-align-center\">Obligaciones de Transparencia del H. Ayuntamiento de Ocoyucan<\/h3>\n\n\n\n<figure class=\"wp-block-image aligncenter size-medium\"><a href=\"http:\/\/consultapublicamx.plataformadetransparencia.org.mx\/vut-web\/?idSujetoObigadoParametro=4362&idEntidadParametro=21&idSectorParametro=26\"><img loading=\"lazy\" decoding=\"async\" width=\"300\" height=\"151\" src=\"https:\/\/ocoyucanpuebla.gob.mx\/wp-content\/uploads\/2026\/05\/pnt_colpos-300x151.png\" alt=\"\" class=\"wp-image-409\" srcset=\"https:\/\/ocoyucanpuebla.gob.mx\/wp-content\/uploads\/2026\/05\/pnt_colpos-300x151.png 300w, https:\/\/ocoyucanpuebla.gob.mx\/wp-content\/uploads\/2026\/05\/pnt_colpos.png 600w\" sizes=\"auto, (max-width: 300px) 100vw, 300px\" \/><\/a><\/figure>\n\n\n\n<figure class=\"wp-block-image aligncenter size-medium\"><a href=\"https:\/\/transparencia.gob.mx\/home.html\"><img loading=\"lazy\" decoding=\"async\" width=\"300\" height=\"300\" src=\"https:\/\/ocoyucanpuebla.gob.mx\/wp-content\/uploads\/2026\/05\/Transparencia_para_el_pueblo_Mex_logo-300x300.jpg\" alt=\"\" class=\"wp-image-410\" srcset=\"https:\/\/ocoyucanpuebla.gob.mx\/wp-content\/uploads\/2026\/05\/Transparencia_para_el_pueblo_Mex_logo-300x300.jpg 300w, https:\/\/ocoyucanpuebla.gob.mx\/wp-content\/uploads\/2026\/05\/Transparencia_para_el_pueblo_Mex_logo-150x150.jpg 150w, https:\/\/ocoyucanpuebla.gob.mx\/wp-content\/uploads\/2026\/05\/Transparencia_para_el_pueblo_Mex_logo-768x768.jpg 768w, https:\/\/ocoyucanpuebla.gob.mx\/wp-content\/uploads\/2026\/05\/Transparencia_para_el_pueblo_Mex_logo.jpg 960w\" sizes=\"auto, (max-width: 300px) 100vw, 300px\" \/><\/a><\/figure>\n\n\n\n<figure class=\"wp-block-image aligncenter size-medium is-resized\"><a href=\"https:\/\/transparenciapara.puebla.gob.mx\/\"><img loading=\"lazy\" decoding=\"async\" width=\"300\" height=\"123\" src=\"https:\/\/ocoyucanpuebla.gob.mx\/wp-content\/uploads\/2026\/05\/arreglo_logo_transparencia_gobPue2025-300x123.png\" alt=\"\" class=\"wp-image-411\" style=\"aspect-ratio:2.4392764857881137;width:296px;height:auto\" srcset=\"https:\/\/ocoyucanpuebla.gob.mx\/wp-content\/uploads\/2026\/05\/arreglo_logo_transparencia_gobPue2025-300x123.png 300w, https:\/\/ocoyucanpuebla.gob.mx\/wp-content\/uploads\/2026\/05\/arreglo_logo_transparencia_gobPue2025-1024x420.png 1024w, https:\/\/ocoyucanpuebla.gob.mx\/wp-content\/uploads\/2026\/05\/arreglo_logo_transparencia_gobPue2025-768x315.png 768w, https:\/\/ocoyucanpuebla.gob.mx\/wp-content\/uploads\/2026\/05\/arreglo_logo_transparencia_gobPue2025.png 1055w\" sizes=\"auto, (max-width: 300px) 100vw, 300px\" \/><\/a><\/figure>\n","protected":false},"excerpt":{"rendered":"<p>La UNIDAD DE TRANSPARENCIA es el \u00e1rea encargada de recibir y dar tr\u00e1mite a las solicitudes de acceso a la informaci\u00f3n y de derechos ARCO, presentadas a este H. Ayuntamiento de Ocoyucan; as\u00ed como proponer e implementar acciones conjuntas para asegurar una mayor eficiencia en el cumplimiento a las obligaciones de transparencia, procesos de transparencia [&hellip;]<\/p>\n","protected":false},"author":1,"featured_media":0,"parent":0,"menu_order":0,"comment_status":"closed","ping_status":"closed","template":"","meta":{"footnotes":""},"class_list":["post-406","page","type-page","status-publish","hentry"],"_links":{"self":[{"href":"https:\/\/ocoyucanpuebla.gob.mx\/index.php\/wp-json\/wp\/v2\/pages\/406","targetHints":{"allow":["GET"]}}],"collection":[{"href":"https:\/\/ocoyucanpuebla.gob.mx\/index.php\/wp-json\/wp\/v2\/pages"}],"about":[{"href":"https:\/\/ocoyucanpuebla.gob.mx\/index.php\/wp-json\/wp\/v2\/types\/page"}],"author":[{"embeddable":true,"href":"https:\/\/ocoyucanpuebla.gob.mx\/index.php\/wp-json\/wp\/v2\/users\/1"}],"replies":[{"embeddable":true,"href":"https:\/\/ocoyucanpuebla.gob.mx\/index.php\/wp-json\/wp\/v2\/comments?post=406"}],"version-history":[{"count":5,"href":"https:\/\/ocoyucanpuebla.gob.mx\/index.php\/wp-json\/wp\/v2\/pages\/406\/revisions"}],"predecessor-version":[{"id":414,"href":"https:\/\/ocoyucanpuebla.gob.mx\/index.php\/wp-json\/wp\/v2\/pages\/406\/revisions\/414"}],"wp:attachment":[{"href":"https:\/\/ocoyucanpuebla.gob.mx\/index.php\/wp-json\/wp\/v2\/media?parent=406"}],"curies":[{"name":"wp","href":"https:\/\/api.w.org\/{rel}","templated":true}]}}